{"id":1105,"date":"2023-06-23T08:49:40","date_gmt":"2023-06-23T08:49:40","guid":{"rendered":"https:\/\/smi-rafiastar.com\/?page_id=1105"},"modified":"2023-06-23T08:50:34","modified_gmt":"2023-06-23T08:50:34","slug":"terms-and-conditions","status":"publish","type":"page","link":"https:\/\/smi-rafiastar.com\/fr\/terms-and-conditions\/","title":{"rendered":"Conditions g\u00e9n\u00e9rales d'utilisation"},"content":{"rendered":"<div data-elementor-type=\"wp-page\" data-elementor-id=\"1105\" class=\"elementor elementor-1105\" data-elementor-post-type=\"page\">\n\t\t\t\t\t\t<section class=\"elementor-section elementor-top-section elementor-element elementor-element-fa5b868 elementor-section-boxed elementor-section-height-default elementor-section-height-default\" data-id=\"fa5b868\" data-element_type=\"section\" data-e-type=\"section\">\n\t\t\t\t\t\t<div class=\"elementor-container elementor-column-gap-default\">\n\t\t\t\t\t<div class=\"elementor-column elementor-col-100 elementor-top-column elementor-element elementor-element-b18387f\" data-id=\"b18387f\" data-element_type=\"column\" data-e-type=\"column\">\n\t\t\t<div class=\"elementor-widget-wrap elementor-element-populated\">\n\t\t\t\t\t\t<div class=\"elementor-element elementor-element-e23a41c elementor-widget elementor-widget-heading\" data-id=\"e23a41c\" data-element_type=\"widget\" data-e-type=\"widget\" data-widget_type=\"heading.default\">\n\t\t\t\t<div class=\"elementor-widget-container\">\n\t\t\t\t\t<h2 class=\"elementor-heading-title elementor-size-default\">Conditions g\u00e9n\u00e9rales d'utilisation<\/h2>\t\t\t\t<\/div>\n\t\t\t\t<\/div>\n\t\t\t\t<div class=\"elementor-element elementor-element-bbf534b elementor-widget elementor-widget-spacer\" data-id=\"bbf534b\" data-element_type=\"widget\" data-e-type=\"widget\" data-widget_type=\"spacer.default\">\n\t\t\t\t<div class=\"elementor-widget-container\">\n\t\t\t\t\t\t\t<div class=\"elementor-spacer\">\n\t\t\t<div class=\"elementor-spacer-inner\"><\/div>\n\t\t<\/div>\n\t\t\t\t\t\t<\/div>\n\t\t\t\t<\/div>\n\t\t\t\t<div class=\"elementor-element elementor-element-de05fc2 elementor-widget elementor-widget-text-editor\" data-id=\"de05fc2\" data-element_type=\"widget\" data-e-type=\"widget\" data-widget_type=\"text-editor.default\">\n\t\t\t\t<div class=\"elementor-widget-container\">\n\t\t\t\t\t\t\t\t\t<p><b>1. Introduction<\/b><\/p><p>Bienvenue \u00e0 <a href=\"https:\/\/smi-rafiastar.com\/fr\/\">https:\/\/smi-rafiastar.com<\/a> (\"Site Web\"), un site exploit\u00e9 par SMI - Soci\u00e9t\u00e9 Marseillaise D'Importation (\"nous\", \"nous\", \"notre\"). Les conditions g\u00e9n\u00e9rales suivantes (\"Conditions\") r\u00e9gissent l'utilisation de notre site Web et de l'ensemble du contenu, des services et des produits disponibles sur le site Web ou par son interm\u00e9diaire.<\/p><p><b>2. Utilisation du site web<\/b><\/p><p>Le site Web et son contenu original, ses caract\u00e9ristiques et ses fonctionnalit\u00e9s sont la propri\u00e9t\u00e9 de SMI - Soci\u00e9t\u00e9 Marseillaise D'Importation et sont prot\u00e9g\u00e9s par les lois internationales sur les droits d'auteur, les marques, les brevets, les secrets commerciaux et autres droits de propri\u00e9t\u00e9 intellectuelle ou droits de propri\u00e9t\u00e9.<\/p><p><b>3. Responsabilit\u00e9s de l'utilisateur<\/b><\/p><p>En tant qu'utilisateur, vous vous engagez \u00e0 ne pas<\/p><ul><li>Utiliser le site Web d'une mani\u00e8re qui viole toute loi ou r\u00e9glementation nationale ou internationale applicable.<\/li><li>Adopter un comportement qui limite ou emp\u00eache l'utilisation ou la jouissance du site web par quiconque, ou qui, selon notre appr\u00e9ciation, peut nous nuire ou nuire aux utilisateurs du site web ou les exposer \u00e0 une responsabilit\u00e9.<\/li><\/ul><p><b>4. Limitation de la responsabilit\u00e9<\/b><\/p><p>En aucun cas, SMI - Soci\u00e9t\u00e9 Marseillaise D'Importation, ou ses fournisseurs ou conc\u00e9dants de licence, ne seront responsables de l'objet des pr\u00e9sentes Conditions en vertu d'un contrat, d'une n\u00e9gligence, d'une responsabilit\u00e9 stricte ou d'une autre th\u00e9orie l\u00e9gale ou \u00e9quitable pour tout dommage direct, indirect, sp\u00e9cial, accessoire ou cons\u00e9cutif.<\/p><p><b>5. Droit applicable<\/b><\/p><p>Les pr\u00e9sentes conditions et tout acc\u00e8s ou utilisation du site web sont r\u00e9gis par le droit fran\u00e7ais.<\/p><p><b>6. Modifications des conditions g\u00e9n\u00e9rales<\/b><\/p><p>Nous nous r\u00e9servons le droit, \u00e0 notre seule discr\u00e9tion, de modifier ou de remplacer ces conditions \u00e0 tout moment. La date de la derni\u00e8re r\u00e9vision des conditions est indiqu\u00e9e en bas de page.<\/p><p>Si vous avez des questions concernant ces conditions, veuillez nous contacter \u00e0 l'adresse suivante <a href=\"mailto:info@smi-rafiastar.com\">info@smi-rafiastar.com<\/a><\/p><p>Derni\u00e8re mise \u00e0 jour : (23\/06\/2023)<\/p>\t\t\t\t\t\t\t\t<\/div>\n\t\t\t\t<\/div>\n\t\t\t\t\t<\/div>\n\t\t<\/div>\n\t\t\t\t\t<\/div>\n\t\t<\/section>\n\t\t\t\t<\/div>","protected":false},"excerpt":{"rendered":"<p>Conditions g\u00e9n\u00e9rales d'utilisation 1. Introduction Bienvenue sur https:\/\/smi-rafiastar.com (\"le Site\"), un site exploit\u00e9 par SMI - Soci\u00e9t\u00e9 Marseillaise D'Importation (\"nous\", \"nous\", \"notre\"). Les termes et conditions suivants (\"Termes\") r\u00e9gissent l'utilisation de notre site Web et de tout le contenu, les services et les produits disponibles sur ou \u00e0 travers le site Web. 2. Utilisation du site web Le site web et ses [...]<\/p>","protected":false},"author":1,"featured_media":0,"parent":0,"menu_order":0,"comment_status":"closed","ping_status":"closed","template":"","meta":{"site-sidebar-layout":"no-sidebar","site-content-layout":"page-builder","ast-site-content-layout":"default","site-content-style":"default","site-sidebar-style":"default","ast-global-header-display":"","ast-banner-title-visibility":"","ast-main-header-display":"","ast-hfb-above-header-display":"","ast-hfb-below-header-display":"","ast-hfb-mobile-header-display":"","site-post-title":"disabled","ast-breadcrumbs-content":"","ast-featured-img":"disabled","footer-sml-layout":"","ast-disable-related-posts":"","theme-transparent-header-meta":"","adv-header-id-meta":"","stick-header-meta":"","header-above-stick-meta":"","header-main-stick-meta":"","header-below-stick-meta":"","astra-migrate-meta-layouts":"default","ast-page-background-enabled":"default","ast-page-background-meta":{"desktop":{"background-color":"","background-image":"","background-repeat":"repeat","background-position":"center center","background-size":"auto","background-attachment":"scroll","background-type":"","background-media":"","overlay-type":"","overlay-color":"","overlay-opacity":"","overlay-gradient":""},"tablet":{"background-color":"","background-image":"","background-repeat":"repeat","background-position":"center center","background-size":"auto","background-attachment":"scroll","background-type":"","background-media":"","overlay-type":"","overlay-color":"","overlay-opacity":"","overlay-gradient":""},"mobile":{"background-color":"","background-image":"","background-repeat":"repeat","background-position":"center center","background-size":"auto","background-attachment":"scroll","background-type":"","background-media":"","overlay-type":"","overlay-color":"","overlay-opacity":"","overlay-gradient":""}},"ast-content-background-meta":{"desktop":{"background-color":"var(--ast-global-color-5)","background-image":"","background-repeat":"repeat","background-position":"center center","background-size":"auto","background-attachment":"scroll","background-type":"","background-media":"","overlay-type":"","overlay-color":"","overlay-opacity":"","overlay-gradient":""},"tablet":{"background-color":"var(--ast-global-color-5)","background-image":"","background-repeat":"repeat","background-position":"center center","background-size":"auto","background-attachment":"scroll","background-type":"","background-media":"","overlay-type":"","overlay-color":"","overlay-opacity":"","overlay-gradient":""},"mobile":{"background-color":"var(--ast-global-color-5)","background-image":"","background-repeat":"repeat","background-position":"center center","background-size":"auto","background-attachment":"scroll","background-type":"","background-media":"","overlay-type":"","overlay-color":"","overlay-opacity":"","overlay-gradient":""}},"footnotes":""},"class_list":["post-1105","page","type-page","status-publish","hentry"],"yoast_head":"<!-- This site is optimized with the Yoast SEO plugin v26.9 - https:\/\/yoast.com\/product\/yoast-seo-wordpress\/ -->\n<title>Terms and Conditions - SOCI\u00c9T\u00c9 MARSEILLAISE D\u2019IMPORTATION.<\/title>\n<meta name=\"robots\" content=\"index, follow, max-snippet:-1, max-image-preview:large, max-video-preview:-1\" \/>\n<link rel=\"canonical\" href=\"https:\/\/smi-rafiastar.com\/fr\/terms-and-conditions\/\" \/>\n<meta property=\"og:locale\" content=\"fr_FR\" \/>\n<meta property=\"og:type\" content=\"article\" \/>\n<meta property=\"og:title\" content=\"Terms and Conditions - SOCI\u00c9T\u00c9 MARSEILLAISE D\u2019IMPORTATION.\" \/>\n<meta property=\"og:description\" content=\"Terms and Conditions 1. Introduction Welcome to https:\/\/smi-rafiastar.com (&#8220;Website&#8221;), a site operated by SMI &#8211; Soci\u00e9te Marseillaise D&#8217;Importation (&#8220;us&#8221;, &#8220;we&#8221;, &#8220;our&#8221;). The following terms and conditions (&#8220;Terms&#8221;) govern all use of our Website and all content, services, and products available at or through the Website. 2. Use of the Website The Website and its original [&hellip;]\" \/>\n<meta property=\"og:url\" content=\"https:\/\/smi-rafiastar.com\/fr\/terms-and-conditions\/\" \/>\n<meta property=\"og:site_name\" content=\"SOCI\u00c9T\u00c9 MARSEILLAISE D\u2019IMPORTATION.\" \/>\n<meta property=\"article:modified_time\" content=\"2023-06-23T08:50:34+00:00\" \/>\n<meta name=\"twitter:card\" content=\"summary_large_image\" \/>\n<meta name=\"twitter:label1\" content=\"Dur\u00e9e de lecture estim\u00e9e\" \/>\n\t<meta name=\"twitter:data1\" content=\"1 minute\" \/>\n<script type=\"application\/ld+json\" class=\"yoast-schema-graph\">{\"@context\":\"https:\/\/schema.org\",\"@graph\":[{\"@type\":\"WebPage\",\"@id\":\"https:\/\/smi-rafiastar.com\/terms-and-conditions\/\",\"url\":\"https:\/\/smi-rafiastar.com\/terms-and-conditions\/\",\"name\":\"Terms and Conditions - SOCI\u00c9T\u00c9 MARSEILLAISE D\u2019IMPORTATION.\",\"isPartOf\":{\"@id\":\"https:\/\/smi-rafiastar.com\/#website\"},\"datePublished\":\"2023-06-23T08:49:40+00:00\",\"dateModified\":\"2023-06-23T08:50:34+00:00\",\"breadcrumb\":{\"@id\":\"https:\/\/smi-rafiastar.com\/terms-and-conditions\/#breadcrumb\"},\"inLanguage\":\"fr-FR\",\"potentialAction\":[{\"@type\":\"ReadAction\",\"target\":[\"https:\/\/smi-rafiastar.com\/terms-and-conditions\/\"]}]},{\"@type\":\"BreadcrumbList\",\"@id\":\"https:\/\/smi-rafiastar.com\/terms-and-conditions\/#breadcrumb\",\"itemListElement\":[{\"@type\":\"ListItem\",\"position\":1,\"name\":\"Home\",\"item\":\"https:\/\/smi-rafiastar.com\/\"},{\"@type\":\"ListItem\",\"position\":2,\"name\":\"Terms and Conditions\"}]},{\"@type\":\"WebSite\",\"@id\":\"https:\/\/smi-rafiastar.com\/#website\",\"url\":\"https:\/\/smi-rafiastar.com\/\",\"name\":\"SOCI\u00c9T\u00c9 MARSEILLAISE D\u2019IMPORTATION.\",\"description\":\"\",\"publisher\":{\"@id\":\"https:\/\/smi-rafiastar.com\/#organization\"},\"potentialAction\":[{\"@type\":\"SearchAction\",\"target\":{\"@type\":\"EntryPoint\",\"urlTemplate\":\"https:\/\/smi-rafiastar.com\/?s={search_term_string}\"},\"query-input\":{\"@type\":\"PropertyValueSpecification\",\"valueRequired\":true,\"valueName\":\"search_term_string\"}}],\"inLanguage\":\"fr-FR\"},{\"@type\":\"Organization\",\"@id\":\"https:\/\/smi-rafiastar.com\/#organization\",\"name\":\"SOCI\u00c9T\u00c9 MARSEILLAISE D\u2019IMPORTATION.\",\"url\":\"https:\/\/smi-rafiastar.com\/\",\"logo\":{\"@type\":\"ImageObject\",\"inLanguage\":\"fr-FR\",\"@id\":\"https:\/\/smi-rafiastar.com\/#\/schema\/logo\/image\/\",\"url\":\"https:\/\/smi-rafiastar.com\/wp-content\/uploads\/2022\/06\/cropped-smi-color-white-01-1024x544-1.png\",\"contentUrl\":\"https:\/\/smi-rafiastar.com\/wp-content\/uploads\/2022\/06\/cropped-smi-color-white-01-1024x544-1.png\",\"width\":1024,\"height\":544,\"caption\":\"SOCI\u00c9T\u00c9 MARSEILLAISE D\u2019IMPORTATION.\"},\"image\":{\"@id\":\"https:\/\/smi-rafiastar.com\/#\/schema\/logo\/image\/\"}}]}<\/script>\n<!-- \/ Yoast SEO plugin. -->","yoast_head_json":{"title":"Conditions g\u00e9n\u00e9rales - SOCI\u00c9T\u00c9 MARSEILLAISE D'IMPORTATION.","robots":{"index":"index","follow":"follow","max-snippet":"max-snippet:-1","max-image-preview":"max-image-preview:large","max-video-preview":"max-video-preview:-1"},"canonical":"https:\/\/smi-rafiastar.com\/fr\/terms-and-conditions\/","og_locale":"fr_FR","og_type":"article","og_title":"Terms and Conditions - SOCI\u00c9T\u00c9 MARSEILLAISE D\u2019IMPORTATION.","og_description":"Terms and Conditions 1. Introduction Welcome to https:\/\/smi-rafiastar.com (&#8220;Website&#8221;), a site operated by SMI &#8211; Soci\u00e9te Marseillaise D&#8217;Importation (&#8220;us&#8221;, &#8220;we&#8221;, &#8220;our&#8221;). The following terms and conditions (&#8220;Terms&#8221;) govern all use of our Website and all content, services, and products available at or through the Website. 2. Use of the Website The Website and its original [&hellip;]","og_url":"https:\/\/smi-rafiastar.com\/fr\/terms-and-conditions\/","og_site_name":"SOCI\u00c9T\u00c9 MARSEILLAISE D\u2019IMPORTATION.","article_modified_time":"2023-06-23T08:50:34+00:00","twitter_card":"summary_large_image","twitter_misc":{"Dur\u00e9e de lecture estim\u00e9e":"1 minute"},"schema":{"@context":"https:\/\/schema.org","@graph":[{"@type":"WebPage","@id":"https:\/\/smi-rafiastar.com\/terms-and-conditions\/","url":"https:\/\/smi-rafiastar.com\/terms-and-conditions\/","name":"Conditions g\u00e9n\u00e9rales - SOCI\u00c9T\u00c9 MARSEILLAISE D'IMPORTATION.","isPartOf":{"@id":"https:\/\/smi-rafiastar.com\/#website"},"datePublished":"2023-06-23T08:49:40+00:00","dateModified":"2023-06-23T08:50:34+00:00","breadcrumb":{"@id":"https:\/\/smi-rafiastar.com\/terms-and-conditions\/#breadcrumb"},"inLanguage":"fr-FR","potentialAction":[{"@type":"ReadAction","target":["https:\/\/smi-rafiastar.com\/terms-and-conditions\/"]}]},{"@type":"BreadcrumbList","@id":"https:\/\/smi-rafiastar.com\/terms-and-conditions\/#breadcrumb","itemListElement":[{"@type":"ListItem","position":1,"name":"Home","item":"https:\/\/smi-rafiastar.com\/"},{"@type":"ListItem","position":2,"name":"Terms and Conditions"}]},{"@type":"WebSite","@id":"https:\/\/smi-rafiastar.com\/#website","url":"https:\/\/smi-rafiastar.com\/","name":"SOCI\u00c9T\u00c9 MARSEILLAISE D'IMPORTATION.","description":"","publisher":{"@id":"https:\/\/smi-rafiastar.com\/#organization"},"potentialAction":[{"@type":"SearchAction","target":{"@type":"EntryPoint","urlTemplate":"https:\/\/smi-rafiastar.com\/?s={search_term_string}"},"query-input":{"@type":"PropertyValueSpecification","valueRequired":true,"valueName":"search_term_string"}}],"inLanguage":"fr-FR"},{"@type":"Organization","@id":"https:\/\/smi-rafiastar.com\/#organization","name":"SOCI\u00c9T\u00c9 MARSEILLAISE D'IMPORTATION.","url":"https:\/\/smi-rafiastar.com\/","logo":{"@type":"ImageObject","inLanguage":"fr-FR","@id":"https:\/\/smi-rafiastar.com\/#\/schema\/logo\/image\/","url":"https:\/\/smi-rafiastar.com\/wp-content\/uploads\/2022\/06\/cropped-smi-color-white-01-1024x544-1.png","contentUrl":"https:\/\/smi-rafiastar.com\/wp-content\/uploads\/2022\/06\/cropped-smi-color-white-01-1024x544-1.png","width":1024,"height":544,"caption":"SOCI\u00c9T\u00c9 MARSEILLAISE D\u2019IMPORTATION."},"image":{"@id":"https:\/\/smi-rafiastar.com\/#\/schema\/logo\/image\/"}}]}},"_links":{"self":[{"href":"https:\/\/smi-rafiastar.com\/fr\/wp-json\/wp\/v2\/pages\/1105","targetHints":{"allow":["GET"]}}],"collection":[{"href":"https:\/\/smi-rafiastar.com\/fr\/wp-json\/wp\/v2\/pages"}],"about":[{"href":"https:\/\/smi-rafiastar.com\/fr\/wp-json\/wp\/v2\/types\/page"}],"author":[{"embeddable":true,"href":"https:\/\/smi-rafiastar.com\/fr\/wp-json\/wp\/v2\/users\/1"}],"replies":[{"embeddable":true,"href":"https:\/\/smi-rafiastar.com\/fr\/wp-json\/wp\/v2\/comments?post=1105"}],"version-history":[{"count":3,"href":"https:\/\/smi-rafiastar.com\/fr\/wp-json\/wp\/v2\/pages\/1105\/revisions"}],"predecessor-version":[{"id":1108,"href":"https:\/\/smi-rafiastar.com\/fr\/wp-json\/wp\/v2\/pages\/1105\/revisions\/1108"}],"wp:attachment":[{"href":"https:\/\/smi-rafiastar.com\/fr\/wp-json\/wp\/v2\/media?parent=1105"}],"curies":[{"name":"wp","href":"https:\/\/api.w.org\/{rel}","templated":true}]}}