{"id":1101,"date":"2023-06-23T08:48:24","date_gmt":"2023-06-23T08:48:24","guid":{"rendered":"https:\/\/smi-rafiastar.com\/?page_id=1101"},"modified":"2023-06-23T08:49:31","modified_gmt":"2023-06-23T08:49:31","slug":"cookie-policy","status":"publish","type":"page","link":"https:\/\/smi-rafiastar.com\/fr\/cookie-policy\/","title":{"rendered":"Politique en mati\u00e8re de cookies"},"content":{"rendered":"<div data-elementor-type=\"wp-page\" data-elementor-id=\"1101\" class=\"elementor elementor-1101\" data-elementor-post-type=\"page\">\n\t\t\t\t\t\t<section class=\"elementor-section elementor-top-section elementor-element elementor-element-fa5b868 elementor-section-boxed elementor-section-height-default elementor-section-height-default\" data-id=\"fa5b868\" data-element_type=\"section\" data-e-type=\"section\">\n\t\t\t\t\t\t<div class=\"elementor-container elementor-column-gap-default\">\n\t\t\t\t\t<div class=\"elementor-column elementor-col-100 elementor-top-column elementor-element elementor-element-b18387f\" data-id=\"b18387f\" data-element_type=\"column\" data-e-type=\"column\">\n\t\t\t<div class=\"elementor-widget-wrap elementor-element-populated\">\n\t\t\t\t\t\t<div class=\"elementor-element elementor-element-e23a41c elementor-widget elementor-widget-heading\" data-id=\"e23a41c\" data-element_type=\"widget\" data-e-type=\"widget\" data-widget_type=\"heading.default\">\n\t\t\t\t<div class=\"elementor-widget-container\">\n\t\t\t\t\t<h2 class=\"elementor-heading-title elementor-size-default\">Politique en mati\u00e8re de cookies<\/h2>\t\t\t\t<\/div>\n\t\t\t\t<\/div>\n\t\t\t\t<div class=\"elementor-element elementor-element-bbf534b elementor-widget elementor-widget-spacer\" data-id=\"bbf534b\" data-element_type=\"widget\" data-e-type=\"widget\" data-widget_type=\"spacer.default\">\n\t\t\t\t<div class=\"elementor-widget-container\">\n\t\t\t\t\t\t\t<div class=\"elementor-spacer\">\n\t\t\t<div class=\"elementor-spacer-inner\"><\/div>\n\t\t<\/div>\n\t\t\t\t\t\t<\/div>\n\t\t\t\t<\/div>\n\t\t\t\t<div class=\"elementor-element elementor-element-de05fc2 elementor-widget elementor-widget-text-editor\" data-id=\"de05fc2\" data-element_type=\"widget\" data-e-type=\"widget\" data-widget_type=\"text-editor.default\">\n\t\t\t\t<div class=\"elementor-widget-container\">\n\t\t\t\t\t\t\t\t\t<p><b>1. Introduction<\/b><\/p><p>SMI - Soci\u00e9t\u00e9 Marseillaise D'Importation (\"nous\", \"notre\", \"nos\") utilise des cookies et des technologies de suivi similaires sur son site web \u00e0 l'adresse suivante <a href=\"https:\/\/smi-rafiastar.com\/fr\/\">https:\/\/smi-rafiastar.com<\/a> (\"site web\") afin d'am\u00e9liorer votre exp\u00e9rience en tant qu'utilisateur. La pr\u00e9sente politique en mati\u00e8re de cookies explique ce que sont les cookies, comment nous les utilisons, les choix qui s'offrent \u00e0 vous en ce qui concerne les cookies et d'autres informations \u00e0 leur sujet.<\/p><p><b>2. Qu'est-ce qu'un cookie ?<\/b><\/p><p>Les cookies sont de petits morceaux de texte envoy\u00e9s par votre navigateur web par un site web que vous visitez. Un fichier cookie est stock\u00e9 dans votre navigateur web et permet au site web ou \u00e0 un tiers de vous reconna\u00eetre et de rendre votre prochaine visite plus facile et le site web plus utile pour vous.<\/p><p><b>3. Comment nous utilisons les cookies<\/b><\/p><p>Lorsque vous utilisez et acc\u00e9dez au site web, nous pouvons placer un certain nombre de fichiers de cookies dans votre navigateur web. Nous utilisons les cookies aux fins suivantes :<\/p><ul><li>Pour permettre certaines fonctions du site web<\/li><li>Fournir des analyses<\/li><li>M\u00e9moriser vos pr\u00e9f\u00e9rences<\/li><\/ul><p>Nous utilisons \u00e0 la fois des cookies de session et des cookies persistants sur le site web et nous utilisons diff\u00e9rents types de cookies pour faire fonctionner le site web :<\/p><ul><li>Cookies essentiels : Ces cookies sont essentiels \u00e0 votre utilisation de notre site web. Sans ces cookies, certaines parties de notre site web ne fonctionneraient pas.<\/li><li>Cookies de performance : Ces cookies nous permettent de contr\u00f4ler et d'am\u00e9liorer les performances de notre site web. Par exemple, ils nous permettent de compter les visites, d'identifier les sources de trafic et de voir quelles parties du site sont les plus populaires.<\/li><li>Cookies de fonctionnalit\u00e9 : Ces cookies permettent \u00e0 notre site web de se souvenir des choix que vous faites (tels que votre nom d'utilisateur, votre langue ou la r\u00e9gion dans laquelle vous vous trouvez) et de fournir des fonctions am\u00e9lior\u00e9es et plus personnelles.<\/li><\/ul><p><b>4. Vos choix concernant les cookies<\/b><\/p><p>Si vous souhaitez supprimer les cookies ou demander \u00e0 votre navigateur web de les supprimer ou de les refuser, veuillez consulter les pages d'aide de votre navigateur web. Notez toutefois que si vous supprimez les cookies ou refusez de les accepter, il se peut que vous ne puissiez pas utiliser toutes les fonctions que nous offrons, que vous ne puissiez pas enregistrer vos pr\u00e9f\u00e9rences et que certaines de nos pages ne s'affichent pas correctement.<\/p><p><b>5. Modifications de la pr\u00e9sente politique en mati\u00e8re de cookies<\/b><\/p><p>Nous pouvons mettre \u00e0 jour la pr\u00e9sente politique en mati\u00e8re de cookies de temps \u00e0 autre afin de refl\u00e9ter les changements apport\u00e9s \u00e0 nos pratiques ou pour d'autres raisons op\u00e9rationnelles, juridiques ou r\u00e9glementaires. La date de la derni\u00e8re r\u00e9vision de la politique en mati\u00e8re de cookies est indiqu\u00e9e en bas de page.<\/p><p>Derni\u00e8re mise \u00e0 jour : (23\/06\/2023)<\/p>\t\t\t\t\t\t\t\t<\/div>\n\t\t\t\t<\/div>\n\t\t\t\t\t<\/div>\n\t\t<\/div>\n\t\t\t\t\t<\/div>\n\t\t<\/section>\n\t\t\t\t<\/div>","protected":false},"excerpt":{"rendered":"<p>Politique en mati\u00e8re de cookies 1. Introduction SMI - Soci\u00e9t\u00e9 Marseillaise D'Importation (\"nous\", \"notre\", \"nos\") utilise des cookies et des technologies de suivi similaires sur notre site web \u00e0 l'adresse https:\/\/smi-rafiastar.com (\"Site web\") afin d'am\u00e9liorer votre exp\u00e9rience d'utilisateur. La pr\u00e9sente politique en mati\u00e8re de cookies explique ce que sont les cookies, comment nous les utilisons, les choix qui s'offrent \u00e0 vous en ce qui concerne les cookies et d'autres informations \u00e0 leur sujet. 2. Que sont les cookies ? Les cookies sont [...]<\/p>","protected":false},"author":1,"featured_media":0,"parent":0,"menu_order":0,"comment_status":"closed","ping_status":"closed","template":"","meta":{"site-sidebar-layout":"no-sidebar","site-content-layout":"page-builder","ast-site-content-layout":"default","site-content-style":"default","site-sidebar-style":"default","ast-global-header-display":"","ast-banner-title-visibility":"","ast-main-header-display":"","ast-hfb-above-header-display":"","ast-hfb-below-header-display":"","ast-hfb-mobile-header-display":"","site-post-title":"disabled","ast-breadcrumbs-content":"","ast-featured-img":"disabled","footer-sml-layout":"","ast-disable-related-posts":"","theme-transparent-header-meta":"","adv-header-id-meta":"","stick-header-meta":"","header-above-stick-meta":"","header-main-stick-meta":"","header-below-stick-meta":"","astra-migrate-meta-layouts":"default","ast-page-background-enabled":"default","ast-page-background-meta":{"desktop":{"background-color":"","background-image":"","background-repeat":"repeat","background-position":"center center","background-size":"auto","background-attachment":"scroll","background-type":"","background-media":"","overlay-type":"","overlay-color":"","overlay-opacity":"","overlay-gradient":""},"tablet":{"background-color":"","background-image":"","background-repeat":"repeat","background-position":"center center","background-size":"auto","background-attachment":"scroll","background-type":"","background-media":"","overlay-type":"","overlay-color":"","overlay-opacity":"","overlay-gradient":""},"mobile":{"background-color":"","background-image":"","background-repeat":"repeat","background-position":"center center","background-size":"auto","background-attachment":"scroll","background-type":"","background-media":"","overlay-type":"","overlay-color":"","overlay-opacity":"","overlay-gradient":""}},"ast-content-background-meta":{"desktop":{"background-color":"var(--ast-global-color-5)","background-image":"","background-repeat":"repeat","background-position":"center center","background-size":"auto","background-attachment":"scroll","background-type":"","background-media":"","overlay-type":"","overlay-color":"","overlay-opacity":"","overlay-gradient":""},"tablet":{"background-color":"var(--ast-global-color-5)","background-image":"","background-repeat":"repeat","background-position":"center center","background-size":"auto","background-attachment":"scroll","background-type":"","background-media":"","overlay-type":"","overlay-color":"","overlay-opacity":"","overlay-gradient":""},"mobile":{"background-color":"var(--ast-global-color-5)","background-image":"","background-repeat":"repeat","background-position":"center center","background-size":"auto","background-attachment":"scroll","background-type":"","background-media":"","overlay-type":"","overlay-color":"","overlay-opacity":"","overlay-gradient":""}},"footnotes":""},"class_list":["post-1101","page","type-page","status-publish","hentry"],"yoast_head":"<!-- This site is optimized with the Yoast SEO plugin v26.9 - https:\/\/yoast.com\/product\/yoast-seo-wordpress\/ -->\n<title>Cookie Policy - SOCI\u00c9T\u00c9 MARSEILLAISE D\u2019IMPORTATION.<\/title>\n<meta name=\"robots\" content=\"index, follow, max-snippet:-1, max-image-preview:large, max-video-preview:-1\" \/>\n<link rel=\"canonical\" href=\"https:\/\/smi-rafiastar.com\/fr\/cookie-policy\/\" \/>\n<meta property=\"og:locale\" content=\"fr_FR\" \/>\n<meta property=\"og:type\" content=\"article\" \/>\n<meta property=\"og:title\" content=\"Cookie Policy - SOCI\u00c9T\u00c9 MARSEILLAISE D\u2019IMPORTATION.\" \/>\n<meta property=\"og:description\" content=\"Cookie Policy 1. Introduction SMI &#8211; Soci\u00e9te Marseillaise D&#8217;Importation (\u201cwe\u201d, \u201cus\u201d, \u201cour\u201d) use cookies and similar tracking technologies on our website at https:\/\/smi-rafiastar.com (&#8220;Website&#8221;) to enhance your user experience. This Cookie Policy explains what cookies are, how we use them, your choices regarding cookies and further information about them. 2. What Are Cookies Cookies are [&hellip;]\" \/>\n<meta property=\"og:url\" content=\"https:\/\/smi-rafiastar.com\/fr\/cookie-policy\/\" \/>\n<meta property=\"og:site_name\" content=\"SOCI\u00c9T\u00c9 MARSEILLAISE D\u2019IMPORTATION.\" \/>\n<meta property=\"article:modified_time\" content=\"2023-06-23T08:49:31+00:00\" \/>\n<meta name=\"twitter:card\" content=\"summary_large_image\" \/>\n<meta name=\"twitter:label1\" content=\"Dur\u00e9e de lecture estim\u00e9e\" \/>\n\t<meta name=\"twitter:data1\" content=\"2 minutes\" \/>\n<script type=\"application\/ld+json\" class=\"yoast-schema-graph\">{\"@context\":\"https:\/\/schema.org\",\"@graph\":[{\"@type\":\"WebPage\",\"@id\":\"https:\/\/smi-rafiastar.com\/cookie-policy\/\",\"url\":\"https:\/\/smi-rafiastar.com\/cookie-policy\/\",\"name\":\"Cookie Policy - SOCI\u00c9T\u00c9 MARSEILLAISE D\u2019IMPORTATION.\",\"isPartOf\":{\"@id\":\"https:\/\/smi-rafiastar.com\/#website\"},\"datePublished\":\"2023-06-23T08:48:24+00:00\",\"dateModified\":\"2023-06-23T08:49:31+00:00\",\"breadcrumb\":{\"@id\":\"https:\/\/smi-rafiastar.com\/cookie-policy\/#breadcrumb\"},\"inLanguage\":\"fr-FR\",\"potentialAction\":[{\"@type\":\"ReadAction\",\"target\":[\"https:\/\/smi-rafiastar.com\/cookie-policy\/\"]}]},{\"@type\":\"BreadcrumbList\",\"@id\":\"https:\/\/smi-rafiastar.com\/cookie-policy\/#breadcrumb\",\"itemListElement\":[{\"@type\":\"ListItem\",\"position\":1,\"name\":\"Home\",\"item\":\"https:\/\/smi-rafiastar.com\/\"},{\"@type\":\"ListItem\",\"position\":2,\"name\":\"Cookie Policy\"}]},{\"@type\":\"WebSite\",\"@id\":\"https:\/\/smi-rafiastar.com\/#website\",\"url\":\"https:\/\/smi-rafiastar.com\/\",\"name\":\"SOCI\u00c9T\u00c9 MARSEILLAISE D\u2019IMPORTATION.\",\"description\":\"\",\"publisher\":{\"@id\":\"https:\/\/smi-rafiastar.com\/#organization\"},\"potentialAction\":[{\"@type\":\"SearchAction\",\"target\":{\"@type\":\"EntryPoint\",\"urlTemplate\":\"https:\/\/smi-rafiastar.com\/?s={search_term_string}\"},\"query-input\":{\"@type\":\"PropertyValueSpecification\",\"valueRequired\":true,\"valueName\":\"search_term_string\"}}],\"inLanguage\":\"fr-FR\"},{\"@type\":\"Organization\",\"@id\":\"https:\/\/smi-rafiastar.com\/#organization\",\"name\":\"SOCI\u00c9T\u00c9 MARSEILLAISE D\u2019IMPORTATION.\",\"url\":\"https:\/\/smi-rafiastar.com\/\",\"logo\":{\"@type\":\"ImageObject\",\"inLanguage\":\"fr-FR\",\"@id\":\"https:\/\/smi-rafiastar.com\/#\/schema\/logo\/image\/\",\"url\":\"https:\/\/smi-rafiastar.com\/wp-content\/uploads\/2022\/06\/cropped-smi-color-white-01-1024x544-1.png\",\"contentUrl\":\"https:\/\/smi-rafiastar.com\/wp-content\/uploads\/2022\/06\/cropped-smi-color-white-01-1024x544-1.png\",\"width\":1024,\"height\":544,\"caption\":\"SOCI\u00c9T\u00c9 MARSEILLAISE D\u2019IMPORTATION.\"},\"image\":{\"@id\":\"https:\/\/smi-rafiastar.com\/#\/schema\/logo\/image\/\"}}]}<\/script>\n<!-- \/ Yoast SEO plugin. -->","yoast_head_json":{"title":"Cookie Policy - SOCI\u00c9T\u00c9 MARSEILLAISE D'IMPORTATION.","robots":{"index":"index","follow":"follow","max-snippet":"max-snippet:-1","max-image-preview":"max-image-preview:large","max-video-preview":"max-video-preview:-1"},"canonical":"https:\/\/smi-rafiastar.com\/fr\/cookie-policy\/","og_locale":"fr_FR","og_type":"article","og_title":"Cookie Policy - SOCI\u00c9T\u00c9 MARSEILLAISE D\u2019IMPORTATION.","og_description":"Cookie Policy 1. Introduction SMI &#8211; Soci\u00e9te Marseillaise D&#8217;Importation (\u201cwe\u201d, \u201cus\u201d, \u201cour\u201d) use cookies and similar tracking technologies on our website at https:\/\/smi-rafiastar.com (&#8220;Website&#8221;) to enhance your user experience. This Cookie Policy explains what cookies are, how we use them, your choices regarding cookies and further information about them. 2. What Are Cookies Cookies are [&hellip;]","og_url":"https:\/\/smi-rafiastar.com\/fr\/cookie-policy\/","og_site_name":"SOCI\u00c9T\u00c9 MARSEILLAISE D\u2019IMPORTATION.","article_modified_time":"2023-06-23T08:49:31+00:00","twitter_card":"summary_large_image","twitter_misc":{"Dur\u00e9e de lecture estim\u00e9e":"2 minutes"},"schema":{"@context":"https:\/\/schema.org","@graph":[{"@type":"WebPage","@id":"https:\/\/smi-rafiastar.com\/cookie-policy\/","url":"https:\/\/smi-rafiastar.com\/cookie-policy\/","name":"Cookie Policy - SOCI\u00c9T\u00c9 MARSEILLAISE D'IMPORTATION.","isPartOf":{"@id":"https:\/\/smi-rafiastar.com\/#website"},"datePublished":"2023-06-23T08:48:24+00:00","dateModified":"2023-06-23T08:49:31+00:00","breadcrumb":{"@id":"https:\/\/smi-rafiastar.com\/cookie-policy\/#breadcrumb"},"inLanguage":"fr-FR","potentialAction":[{"@type":"ReadAction","target":["https:\/\/smi-rafiastar.com\/cookie-policy\/"]}]},{"@type":"BreadcrumbList","@id":"https:\/\/smi-rafiastar.com\/cookie-policy\/#breadcrumb","itemListElement":[{"@type":"ListItem","position":1,"name":"Home","item":"https:\/\/smi-rafiastar.com\/"},{"@type":"ListItem","position":2,"name":"Cookie Policy"}]},{"@type":"WebSite","@id":"https:\/\/smi-rafiastar.com\/#website","url":"https:\/\/smi-rafiastar.com\/","name":"SOCI\u00c9T\u00c9 MARSEILLAISE D'IMPORTATION.","description":"","publisher":{"@id":"https:\/\/smi-rafiastar.com\/#organization"},"potentialAction":[{"@type":"SearchAction","target":{"@type":"EntryPoint","urlTemplate":"https:\/\/smi-rafiastar.com\/?s={search_term_string}"},"query-input":{"@type":"PropertyValueSpecification","valueRequired":true,"valueName":"search_term_string"}}],"inLanguage":"fr-FR"},{"@type":"Organization","@id":"https:\/\/smi-rafiastar.com\/#organization","name":"SOCI\u00c9T\u00c9 MARSEILLAISE D'IMPORTATION.","url":"https:\/\/smi-rafiastar.com\/","logo":{"@type":"ImageObject","inLanguage":"fr-FR","@id":"https:\/\/smi-rafiastar.com\/#\/schema\/logo\/image\/","url":"https:\/\/smi-rafiastar.com\/wp-content\/uploads\/2022\/06\/cropped-smi-color-white-01-1024x544-1.png","contentUrl":"https:\/\/smi-rafiastar.com\/wp-content\/uploads\/2022\/06\/cropped-smi-color-white-01-1024x544-1.png","width":1024,"height":544,"caption":"SOCI\u00c9T\u00c9 MARSEILLAISE D\u2019IMPORTATION."},"image":{"@id":"https:\/\/smi-rafiastar.com\/#\/schema\/logo\/image\/"}}]}},"_links":{"self":[{"href":"https:\/\/smi-rafiastar.com\/fr\/wp-json\/wp\/v2\/pages\/1101","targetHints":{"allow":["GET"]}}],"collection":[{"href":"https:\/\/smi-rafiastar.com\/fr\/wp-json\/wp\/v2\/pages"}],"about":[{"href":"https:\/\/smi-rafiastar.com\/fr\/wp-json\/wp\/v2\/types\/page"}],"author":[{"embeddable":true,"href":"https:\/\/smi-rafiastar.com\/fr\/wp-json\/wp\/v2\/users\/1"}],"replies":[{"embeddable":true,"href":"https:\/\/smi-rafiastar.com\/fr\/wp-json\/wp\/v2\/comments?post=1101"}],"version-history":[{"count":3,"href":"https:\/\/smi-rafiastar.com\/fr\/wp-json\/wp\/v2\/pages\/1101\/revisions"}],"predecessor-version":[{"id":1104,"href":"https:\/\/smi-rafiastar.com\/fr\/wp-json\/wp\/v2\/pages\/1101\/revisions\/1104"}],"wp:attachment":[{"href":"https:\/\/smi-rafiastar.com\/fr\/wp-json\/wp\/v2\/media?parent=1101"}],"curies":[{"name":"wp","href":"https:\/\/api.w.org\/{rel}","templated":true}]}}