{"id":1097,"date":"2023-06-23T08:46:33","date_gmt":"2023-06-23T08:46:33","guid":{"rendered":"https:\/\/smi-rafiastar.com\/?page_id=1097"},"modified":"2023-06-23T08:48:15","modified_gmt":"2023-06-23T08:48:15","slug":"privacy-policy","status":"publish","type":"page","link":"https:\/\/smi-rafiastar.com\/fr\/privacy-policy\/","title":{"rendered":"Politique de confidentialit\u00e9"},"content":{"rendered":"<div data-elementor-type=\"wp-page\" data-elementor-id=\"1097\" class=\"elementor elementor-1097\" data-elementor-post-type=\"page\">\n\t\t\t\t\t\t<section class=\"elementor-section elementor-top-section elementor-element elementor-element-fa5b868 elementor-section-boxed elementor-section-height-default elementor-section-height-default\" data-id=\"fa5b868\" data-element_type=\"section\" data-e-type=\"section\">\n\t\t\t\t\t\t<div class=\"elementor-container elementor-column-gap-default\">\n\t\t\t\t\t<div class=\"elementor-column elementor-col-100 elementor-top-column elementor-element elementor-element-b18387f\" data-id=\"b18387f\" data-element_type=\"column\" data-e-type=\"column\">\n\t\t\t<div class=\"elementor-widget-wrap elementor-element-populated\">\n\t\t\t\t\t\t<div class=\"elementor-element elementor-element-e23a41c elementor-widget elementor-widget-heading\" data-id=\"e23a41c\" data-element_type=\"widget\" data-e-type=\"widget\" data-widget_type=\"heading.default\">\n\t\t\t\t<div class=\"elementor-widget-container\">\n\t\t\t\t\t<h2 class=\"elementor-heading-title elementor-size-default\">Politique de confidentialit\u00e9<\/h2>\t\t\t\t<\/div>\n\t\t\t\t<\/div>\n\t\t\t\t<div class=\"elementor-element elementor-element-bbf534b elementor-widget elementor-widget-spacer\" data-id=\"bbf534b\" data-element_type=\"widget\" data-e-type=\"widget\" data-widget_type=\"spacer.default\">\n\t\t\t\t<div class=\"elementor-widget-container\">\n\t\t\t\t\t\t\t<div class=\"elementor-spacer\">\n\t\t\t<div class=\"elementor-spacer-inner\"><\/div>\n\t\t<\/div>\n\t\t\t\t\t\t<\/div>\n\t\t\t\t<\/div>\n\t\t\t\t<div class=\"elementor-element elementor-element-de05fc2 elementor-widget elementor-widget-text-editor\" data-id=\"de05fc2\" data-element_type=\"widget\" data-e-type=\"widget\" data-widget_type=\"text-editor.default\">\n\t\t\t\t<div class=\"elementor-widget-container\">\n\t\t\t\t\t\t\t\t\t<p><b>1. Introduction<\/b><\/p><p>SMI - Soci\u00e9t\u00e9 Marseillaise D'Importation (\"nous\", \"notre\", \"nos\") respecte la vie priv\u00e9e de ses utilisateurs (\"utilisateur\", \"vous\", \"votre\") et s'engage \u00e0 la prot\u00e9ger en se conformant \u00e0 cette politique. Cette politique d\u00e9crit :<\/p><ul><li>les types d'informations que nous pouvons recueillir aupr\u00e8s de vous lorsque vous acc\u00e9dez \u00e0 notre site web ou que vous l'utilisez <a href=\"https:\/\/smi-rafiastar.com\/fr\/\">https:\/\/smi-rafiastar.com<\/a> (\"site web\").<\/li><li>nos pratiques en mati\u00e8re de collecte, d'utilisation, de conservation, de protection et de divulgation de ces informations.<\/li><\/ul><p><b>2. Collecte des donn\u00e9es<\/b><\/p><p>Nous recueillons plusieurs types d'informations aupr\u00e8s des utilisateurs de notre site web et \u00e0 leur sujet, notamment :<\/p><ul><li>\"Informations personnelles\" (informations permettant de vous identifier personnellement, telles que le nom, l'adresse postale, l'adresse \u00e9lectronique, le num\u00e9ro de t\u00e9l\u00e9phone et tout autre identifiant permettant de vous contacter en ligne ou hors ligne).<\/li><li>\"Informations non personnelles\" (informations qui vous concernent mais ne vous identifient pas individuellement, telles que votre adresse IP, les donn\u00e9es de r\u00e9f\u00e9rence et le type de navigateur et de plate-forme).<\/li><\/ul><p><b>3. Utilisation de vos informations<\/b><\/p><p>Nous utilisons les informations que nous recueillons \u00e0 votre sujet ou que vous nous fournissez, y compris toute information personnelle :<\/p><ul><li>Pour vous pr\u00e9senter notre site web et son contenu.<\/li><li>Pour vous fournir les informations, les produits ou les services que vous nous demandez.<\/li><li>\u00e0 toute autre fin pour laquelle vous les avez fournies.<\/li><\/ul><p><b>4. Divulgation de vos informations<\/b><\/p><p>Nous pouvons divulguer sans restriction des informations agr\u00e9g\u00e9es sur nos utilisateurs, ainsi que des informations qui ne permettent pas d'identifier un individu.<\/p><p>Nous pouvons divulguer les informations personnelles que nous recueillons ou que vous nous fournissez comme d\u00e9crit dans la pr\u00e9sente politique de confidentialit\u00e9 :<\/p><ul><li>\u00e0 nos filiales et soci\u00e9t\u00e9s affili\u00e9es.<\/li><li>Pour toute autre raison divulgu\u00e9e par nous lorsque vous fournissez les informations.<\/li><li>Avec votre consentement.<\/li><\/ul><p><b>5. S\u00e9curit\u00e9 des donn\u00e9es<\/b><\/p><p>Nous avons mis en \u0153uvre des mesures destin\u00e9es \u00e0 prot\u00e9ger vos informations personnelles contre la perte accidentelle et contre l'acc\u00e8s, l'utilisation, l'alt\u00e9ration et la divulgation non autoris\u00e9s.<\/p><p><b>6. Droits pr\u00e9vus par le GDPR<\/b><\/p><p>Si vous r\u00e9sidez dans l'Union europ\u00e9enne, vous disposez des droits suivants en vertu du GDPR :<\/p><ul><li>Droit d'acc\u00e8s - Vous avez le droit de demander des copies de vos donn\u00e9es personnelles.<\/li><li>Droit de rectification - Vous avez le droit de nous demander de corriger toute information que vous jugez inexacte ou incompl\u00e8te.<\/li><li>Le droit \u00e0 l'effacement - Vous avez le droit de nous demander d'effacer vos donn\u00e9es personnelles, sous certaines conditions.<\/li><li>Le droit de restreindre le traitement - Vous avez le droit de nous demander de restreindre le traitement de vos donn\u00e9es personnelles, sous certaines conditions.<\/li><li>Droit \u00e0 la portabilit\u00e9 des donn\u00e9es - Vous avez le droit de nous demander de transf\u00e9rer les donn\u00e9es que nous avons collect\u00e9es \u00e0 une autre organisation, ou directement \u00e0 vous, sous certaines conditions.<\/li><\/ul><p>Pour exercer ces droits, veuillez nous contacter \u00e0 l'adresse suivante <a href=\"mailto:info@smi-rafiastar.com\">info@smi-rafiastar.com<\/a><\/p><p><b>7. Modifications de notre politique de confidentialit\u00e9<\/b><\/p><p>Nous avons pour politique de publier sur cette page toute modification apport\u00e9e \u00e0 notre politique de protection de la vie priv\u00e9e. La date de la derni\u00e8re r\u00e9vision de la politique de confidentialit\u00e9 est indiqu\u00e9e au bas de la page.<\/p><p>Derni\u00e8re mise \u00e0 jour : (23\/06\/2023)<\/p>\t\t\t\t\t\t\t\t<\/div>\n\t\t\t\t<\/div>\n\t\t\t\t\t<\/div>\n\t\t<\/div>\n\t\t\t\t\t<\/div>\n\t\t<\/section>\n\t\t\t\t<\/div>","protected":false},"excerpt":{"rendered":"<p>Politique de confidentialit\u00e9 1. Introduction SMI - Soci\u00e9t\u00e9 Marseillaise D'Importation (\"nous\", \"notre\", \"nos\") respecte la vie priv\u00e9e de ses utilisateurs (\"utilisateur\", \"vous\", \"votre\") et s'engage \u00e0 la prot\u00e9ger en se conformant \u00e0 cette politique. Cette politique d\u00e9crit les types d'informations que nous pouvons recueillir aupr\u00e8s de vous lorsque vous acc\u00e9dez \u00e0 notre site web https:\/\/smi-rafiastar.com (\"site web\") ou que vous l'utilisez. Notre [...]<\/p>","protected":false},"author":1,"featured_media":0,"parent":0,"menu_order":0,"comment_status":"closed","ping_status":"closed","template":"","meta":{"site-sidebar-layout":"no-sidebar","site-content-layout":"page-builder","ast-site-content-layout":"default","site-content-style":"default","site-sidebar-style":"default","ast-global-header-display":"","ast-banner-title-visibility":"","ast-main-header-display":"","ast-hfb-above-header-display":"","ast-hfb-below-header-display":"","ast-hfb-mobile-header-display":"","site-post-title":"disabled","ast-breadcrumbs-content":"","ast-featured-img":"disabled","footer-sml-layout":"","ast-disable-related-posts":"","theme-transparent-header-meta":"","adv-header-id-meta":"","stick-header-meta":"","header-above-stick-meta":"","header-main-stick-meta":"","header-below-stick-meta":"","astra-migrate-meta-layouts":"default","ast-page-background-enabled":"default","ast-page-background-meta":{"desktop":{"background-color":"","background-image":"","background-repeat":"repeat","background-position":"center center","background-size":"auto","background-attachment":"scroll","background-type":"","background-media":"","overlay-type":"","overlay-color":"","overlay-opacity":"","overlay-gradient":""},"tablet":{"background-color":"","background-image":"","background-repeat":"repeat","background-position":"center center","background-size":"auto","background-attachment":"scroll","background-type":"","background-media":"","overlay-type":"","overlay-color":"","overlay-opacity":"","overlay-gradient":""},"mobile":{"background-color":"","background-image":"","background-repeat":"repeat","background-position":"center center","background-size":"auto","background-attachment":"scroll","background-type":"","background-media":"","overlay-type":"","overlay-color":"","overlay-opacity":"","overlay-gradient":""}},"ast-content-background-meta":{"desktop":{"background-color":"var(--ast-global-color-5)","background-image":"","background-repeat":"repeat","background-position":"center center","background-size":"auto","background-attachment":"scroll","background-type":"","background-media":"","overlay-type":"","overlay-color":"","overlay-opacity":"","overlay-gradient":""},"tablet":{"background-color":"var(--ast-global-color-5)","background-image":"","background-repeat":"repeat","background-position":"center center","background-size":"auto","background-attachment":"scroll","background-type":"","background-media":"","overlay-type":"","overlay-color":"","overlay-opacity":"","overlay-gradient":""},"mobile":{"background-color":"var(--ast-global-color-5)","background-image":"","background-repeat":"repeat","background-position":"center center","background-size":"auto","background-attachment":"scroll","background-type":"","background-media":"","overlay-type":"","overlay-color":"","overlay-opacity":"","overlay-gradient":""}},"footnotes":""},"class_list":["post-1097","page","type-page","status-publish","hentry"],"yoast_head":"<!-- This site is optimized with the Yoast SEO plugin v26.9 - https:\/\/yoast.com\/product\/yoast-seo-wordpress\/ -->\n<title>Privacy Policy - SOCI\u00c9T\u00c9 MARSEILLAISE D\u2019IMPORTATION.<\/title>\n<meta name=\"robots\" content=\"index, follow, max-snippet:-1, max-image-preview:large, max-video-preview:-1\" \/>\n<link rel=\"canonical\" href=\"https:\/\/smi-rafiastar.com\/fr\/privacy-policy\/\" \/>\n<meta property=\"og:locale\" content=\"fr_FR\" \/>\n<meta property=\"og:type\" content=\"article\" \/>\n<meta property=\"og:title\" content=\"Privacy Policy - SOCI\u00c9T\u00c9 MARSEILLAISE D\u2019IMPORTATION.\" \/>\n<meta property=\"og:description\" content=\"Privacy Policy 1. Introduction SMI &#8211; Soci\u00e9te Marseillaise D&#8217;Importation (&#8220;we&#8221;, &#8220;us&#8221;, &#8220;our&#8221;) respects the privacy of its users (&#8220;user&#8221;, &#8220;you&#8221;, &#8220;your&#8221;) and is committed to protecting it through our compliance with this policy. This policy describes: What types of information we may collect from you when you access or use our website https:\/\/smi-rafiastar.com (&#8220;Website&#8221;). Our [&hellip;]\" \/>\n<meta property=\"og:url\" content=\"https:\/\/smi-rafiastar.com\/fr\/privacy-policy\/\" \/>\n<meta property=\"og:site_name\" content=\"SOCI\u00c9T\u00c9 MARSEILLAISE D\u2019IMPORTATION.\" \/>\n<meta property=\"article:modified_time\" content=\"2023-06-23T08:48:15+00:00\" \/>\n<meta name=\"twitter:card\" content=\"summary_large_image\" \/>\n<meta name=\"twitter:label1\" content=\"Dur\u00e9e de lecture estim\u00e9e\" \/>\n\t<meta name=\"twitter:data1\" content=\"2 minutes\" \/>\n<script type=\"application\/ld+json\" class=\"yoast-schema-graph\">{\"@context\":\"https:\/\/schema.org\",\"@graph\":[{\"@type\":\"WebPage\",\"@id\":\"https:\/\/smi-rafiastar.com\/privacy-policy\/\",\"url\":\"https:\/\/smi-rafiastar.com\/privacy-policy\/\",\"name\":\"Privacy Policy - SOCI\u00c9T\u00c9 MARSEILLAISE D\u2019IMPORTATION.\",\"isPartOf\":{\"@id\":\"https:\/\/smi-rafiastar.com\/#website\"},\"datePublished\":\"2023-06-23T08:46:33+00:00\",\"dateModified\":\"2023-06-23T08:48:15+00:00\",\"breadcrumb\":{\"@id\":\"https:\/\/smi-rafiastar.com\/privacy-policy\/#breadcrumb\"},\"inLanguage\":\"fr-FR\",\"potentialAction\":[{\"@type\":\"ReadAction\",\"target\":[\"https:\/\/smi-rafiastar.com\/privacy-policy\/\"]}]},{\"@type\":\"BreadcrumbList\",\"@id\":\"https:\/\/smi-rafiastar.com\/privacy-policy\/#breadcrumb\",\"itemListElement\":[{\"@type\":\"ListItem\",\"position\":1,\"name\":\"Home\",\"item\":\"https:\/\/smi-rafiastar.com\/\"},{\"@type\":\"ListItem\",\"position\":2,\"name\":\"Privacy Policy\"}]},{\"@type\":\"WebSite\",\"@id\":\"https:\/\/smi-rafiastar.com\/#website\",\"url\":\"https:\/\/smi-rafiastar.com\/\",\"name\":\"SOCI\u00c9T\u00c9 MARSEILLAISE D\u2019IMPORTATION.\",\"description\":\"\",\"publisher\":{\"@id\":\"https:\/\/smi-rafiastar.com\/#organization\"},\"potentialAction\":[{\"@type\":\"SearchAction\",\"target\":{\"@type\":\"EntryPoint\",\"urlTemplate\":\"https:\/\/smi-rafiastar.com\/?s={search_term_string}\"},\"query-input\":{\"@type\":\"PropertyValueSpecification\",\"valueRequired\":true,\"valueName\":\"search_term_string\"}}],\"inLanguage\":\"fr-FR\"},{\"@type\":\"Organization\",\"@id\":\"https:\/\/smi-rafiastar.com\/#organization\",\"name\":\"SOCI\u00c9T\u00c9 MARSEILLAISE D\u2019IMPORTATION.\",\"url\":\"https:\/\/smi-rafiastar.com\/\",\"logo\":{\"@type\":\"ImageObject\",\"inLanguage\":\"fr-FR\",\"@id\":\"https:\/\/smi-rafiastar.com\/#\/schema\/logo\/image\/\",\"url\":\"https:\/\/smi-rafiastar.com\/wp-content\/uploads\/2022\/06\/cropped-smi-color-white-01-1024x544-1.png\",\"contentUrl\":\"https:\/\/smi-rafiastar.com\/wp-content\/uploads\/2022\/06\/cropped-smi-color-white-01-1024x544-1.png\",\"width\":1024,\"height\":544,\"caption\":\"SOCI\u00c9T\u00c9 MARSEILLAISE D\u2019IMPORTATION.\"},\"image\":{\"@id\":\"https:\/\/smi-rafiastar.com\/#\/schema\/logo\/image\/\"}}]}<\/script>\n<!-- \/ Yoast SEO plugin. -->","yoast_head_json":{"title":"Politique de confidentialit\u00e9 - SOCI\u00c9T\u00c9 MARSEILLAISE D'IMPORTATION.","robots":{"index":"index","follow":"follow","max-snippet":"max-snippet:-1","max-image-preview":"max-image-preview:large","max-video-preview":"max-video-preview:-1"},"canonical":"https:\/\/smi-rafiastar.com\/fr\/privacy-policy\/","og_locale":"fr_FR","og_type":"article","og_title":"Privacy Policy - SOCI\u00c9T\u00c9 MARSEILLAISE D\u2019IMPORTATION.","og_description":"Privacy Policy 1. Introduction SMI &#8211; Soci\u00e9te Marseillaise D&#8217;Importation (&#8220;we&#8221;, &#8220;us&#8221;, &#8220;our&#8221;) respects the privacy of its users (&#8220;user&#8221;, &#8220;you&#8221;, &#8220;your&#8221;) and is committed to protecting it through our compliance with this policy. This policy describes: What types of information we may collect from you when you access or use our website https:\/\/smi-rafiastar.com (&#8220;Website&#8221;). Our [&hellip;]","og_url":"https:\/\/smi-rafiastar.com\/fr\/privacy-policy\/","og_site_name":"SOCI\u00c9T\u00c9 MARSEILLAISE D\u2019IMPORTATION.","article_modified_time":"2023-06-23T08:48:15+00:00","twitter_card":"summary_large_image","twitter_misc":{"Dur\u00e9e de lecture estim\u00e9e":"2 minutes"},"schema":{"@context":"https:\/\/schema.org","@graph":[{"@type":"WebPage","@id":"https:\/\/smi-rafiastar.com\/privacy-policy\/","url":"https:\/\/smi-rafiastar.com\/privacy-policy\/","name":"Politique de confidentialit\u00e9 - SOCI\u00c9T\u00c9 MARSEILLAISE D'IMPORTATION.","isPartOf":{"@id":"https:\/\/smi-rafiastar.com\/#website"},"datePublished":"2023-06-23T08:46:33+00:00","dateModified":"2023-06-23T08:48:15+00:00","breadcrumb":{"@id":"https:\/\/smi-rafiastar.com\/privacy-policy\/#breadcrumb"},"inLanguage":"fr-FR","potentialAction":[{"@type":"ReadAction","target":["https:\/\/smi-rafiastar.com\/privacy-policy\/"]}]},{"@type":"BreadcrumbList","@id":"https:\/\/smi-rafiastar.com\/privacy-policy\/#breadcrumb","itemListElement":[{"@type":"ListItem","position":1,"name":"Home","item":"https:\/\/smi-rafiastar.com\/"},{"@type":"ListItem","position":2,"name":"Privacy Policy"}]},{"@type":"WebSite","@id":"https:\/\/smi-rafiastar.com\/#website","url":"https:\/\/smi-rafiastar.com\/","name":"SOCI\u00c9T\u00c9 MARSEILLAISE D'IMPORTATION.","description":"","publisher":{"@id":"https:\/\/smi-rafiastar.com\/#organization"},"potentialAction":[{"@type":"SearchAction","target":{"@type":"EntryPoint","urlTemplate":"https:\/\/smi-rafiastar.com\/?s={search_term_string}"},"query-input":{"@type":"PropertyValueSpecification","valueRequired":true,"valueName":"search_term_string"}}],"inLanguage":"fr-FR"},{"@type":"Organization","@id":"https:\/\/smi-rafiastar.com\/#organization","name":"SOCI\u00c9T\u00c9 MARSEILLAISE D'IMPORTATION.","url":"https:\/\/smi-rafiastar.com\/","logo":{"@type":"ImageObject","inLanguage":"fr-FR","@id":"https:\/\/smi-rafiastar.com\/#\/schema\/logo\/image\/","url":"https:\/\/smi-rafiastar.com\/wp-content\/uploads\/2022\/06\/cropped-smi-color-white-01-1024x544-1.png","contentUrl":"https:\/\/smi-rafiastar.com\/wp-content\/uploads\/2022\/06\/cropped-smi-color-white-01-1024x544-1.png","width":1024,"height":544,"caption":"SOCI\u00c9T\u00c9 MARSEILLAISE D\u2019IMPORTATION."},"image":{"@id":"https:\/\/smi-rafiastar.com\/#\/schema\/logo\/image\/"}}]}},"_links":{"self":[{"href":"https:\/\/smi-rafiastar.com\/fr\/wp-json\/wp\/v2\/pages\/1097","targetHints":{"allow":["GET"]}}],"collection":[{"href":"https:\/\/smi-rafiastar.com\/fr\/wp-json\/wp\/v2\/pages"}],"about":[{"href":"https:\/\/smi-rafiastar.com\/fr\/wp-json\/wp\/v2\/types\/page"}],"author":[{"embeddable":true,"href":"https:\/\/smi-rafiastar.com\/fr\/wp-json\/wp\/v2\/users\/1"}],"replies":[{"embeddable":true,"href":"https:\/\/smi-rafiastar.com\/fr\/wp-json\/wp\/v2\/comments?post=1097"}],"version-history":[{"count":3,"href":"https:\/\/smi-rafiastar.com\/fr\/wp-json\/wp\/v2\/pages\/1097\/revisions"}],"predecessor-version":[{"id":1100,"href":"https:\/\/smi-rafiastar.com\/fr\/wp-json\/wp\/v2\/pages\/1097\/revisions\/1100"}],"wp:attachment":[{"href":"https:\/\/smi-rafiastar.com\/fr\/wp-json\/wp\/v2\/media?parent=1097"}],"curies":[{"name":"wp","href":"https:\/\/api.w.org\/{rel}","templated":true}]}}