{"id":1092,"date":"2023-06-23T08:41:27","date_gmt":"2023-06-23T08:41:27","guid":{"rendered":"https:\/\/smi-rafiastar.com\/?page_id=1092"},"modified":"2023-06-23T08:46:08","modified_gmt":"2023-06-23T08:46:08","slug":"legal-mentions","status":"publish","type":"page","link":"https:\/\/smi-rafiastar.com\/fr\/legal-mentions\/","title":{"rendered":"Mentions l\u00e9gales"},"content":{"rendered":"<div data-elementor-type=\"wp-page\" data-elementor-id=\"1092\" class=\"elementor elementor-1092\" data-elementor-post-type=\"page\">\n\t\t\t\t\t\t<section class=\"elementor-section elementor-top-section elementor-element elementor-element-fa5b868 elementor-section-boxed elementor-section-height-default elementor-section-height-default\" data-id=\"fa5b868\" data-element_type=\"section\" data-e-type=\"section\">\n\t\t\t\t\t\t<div class=\"elementor-container elementor-column-gap-default\">\n\t\t\t\t\t<div class=\"elementor-column elementor-col-100 elementor-top-column elementor-element elementor-element-b18387f\" data-id=\"b18387f\" data-element_type=\"column\" data-e-type=\"column\">\n\t\t\t<div class=\"elementor-widget-wrap elementor-element-populated\">\n\t\t\t\t\t\t<div class=\"elementor-element elementor-element-e23a41c elementor-widget elementor-widget-heading\" data-id=\"e23a41c\" data-element_type=\"widget\" data-e-type=\"widget\" data-widget_type=\"heading.default\">\n\t\t\t\t<div class=\"elementor-widget-container\">\n\t\t\t\t\t<h2 class=\"elementor-heading-title elementor-size-default\">Mentions l\u00e9gales<\/h2>\t\t\t\t<\/div>\n\t\t\t\t<\/div>\n\t\t\t\t<div class=\"elementor-element elementor-element-bbf534b elementor-widget elementor-widget-spacer\" data-id=\"bbf534b\" data-element_type=\"widget\" data-e-type=\"widget\" data-widget_type=\"spacer.default\">\n\t\t\t\t<div class=\"elementor-widget-container\">\n\t\t\t\t\t\t\t<div class=\"elementor-spacer\">\n\t\t\t<div class=\"elementor-spacer-inner\"><\/div>\n\t\t<\/div>\n\t\t\t\t\t\t<\/div>\n\t\t\t\t<\/div>\n\t\t\t\t<div class=\"elementor-element elementor-element-de05fc2 elementor-widget elementor-widget-text-editor\" data-id=\"de05fc2\" data-element_type=\"widget\" data-e-type=\"widget\" data-widget_type=\"text-editor.default\">\n\t\t\t\t<div class=\"elementor-widget-container\">\n\t\t\t\t\t\t\t\t\t<p><b>Identification<\/b><\/p><p>Le site <a href=\"https:\/\/smi-rafiastar.com\/fr\/\">https:\/\/smi-rafiastar.com<\/a> est publi\u00e9 par la soci\u00e9t\u00e9 SMI - Soci\u00e9t\u00e9 Marseillaise D'Importation, une soci\u00e9t\u00e9 enregistr\u00e9e en France \u00e0 l'adresse : Pa de La Sarree, Route de Gourdon, 06620 Le Bar Sur Loup.<\/p><p>T\u00e9l\u00e9phone : +33 (0) 4 93 40 30 20 +33 (0) 4 93 40 30 20<\/p><p>Courriel : <a href=\"mailto:info@smi-rafiastar.com\">info@smi-rafiastar.com<\/a><\/p><p>\u00a0<\/p><p><b>H\u00e9bergement de sites web<\/b><\/p><p>OVH<\/p><p>SAS au capital de 10 174 560 \u20ac<\/p><p>RCS Lille M\u00e9tropole 424 761 419 00045<\/p><p>Code APE 2620Z<\/p><p>N\u00b0 TVA : FR 22 424 761 419<\/p><p>Si\u00e8ge social : 2 rue Kellermann - 59100 Roubaix - France<\/p><p>\u00a0<\/p><p><b>Conditions d'utilisation<\/b><\/p><p>Utilisation du site <a href=\"https:\/\/smi-rafiastar.com\/fr\/\">https:\/\/smi-rafiastar.com<\/a> implique la pleine acceptation des conditions g\u00e9n\u00e9rales d'utilisation d\u00e9crites dans notre section \"Conditions g\u00e9n\u00e9rales\". Celles-ci sont accessibles \u00e0 tout moment via un lien direct au bas de notre site.<\/p><p>\u00a0<\/p><p><b>Protection des donn\u00e9es et GDPR<\/b><\/p><p>Conform\u00e9ment au r\u00e8glement g\u00e9n\u00e9ral sur la protection des donn\u00e9es (RGPD), les utilisateurs disposent d'un droit d'acc\u00e8s, de rectification, d'effacement, de limitation du traitement ou d'opposition au traitement de leurs donn\u00e9es personnelles.<\/p><p>Pour toute demande ou plainte, vous pouvez contacter notre d\u00e9l\u00e9gu\u00e9 \u00e0 la protection des donn\u00e9es \u00e0 l'adresse suivante<\/p><p>(info@smi-rafiastar.com)<\/p><p>Pour plus de d\u00e9tails sur notre politique de protection des donn\u00e9es, veuillez consulter notre section \"Politique de confidentialit\u00e9\", accessible via un lien direct au bas de notre site.<\/p><p>\u00a0<\/p><p><b>Propri\u00e9t\u00e9 intellectuelle<\/b><\/p><p>Tout le contenu du site <a href=\"https:\/\/smi-rafiastar.com\/fr\/\">https:\/\/smi-rafiastar.com<\/a>Tous les \u00e9l\u00e9ments du site, incluant, de fa\u00e7on non limitative, les graphismes, images, textes, vid\u00e9os, animations, sons, logos, gifs et ic\u00f4nes ainsi que leur mise en forme sont la propri\u00e9t\u00e9 exclusive de la soci\u00e9t\u00e9 SMI - Soci\u00e9t\u00e9 Marseillaise D'Importation \u00e0 l'exception des marques, logos ou contenus appartenant \u00e0 d'autres soci\u00e9t\u00e9s partenaires ou auteurs.<\/p><p>Toute reproduction, distribution, modification, adaptation, retransmission ou publication de ces diff\u00e9rents \u00e9l\u00e9ments est strictement interdite sans l'accord expr\u00e8s par \u00e9crit de SMI - Soci\u00e9t\u00e9 Marseillaise D'Importation.<\/p><p>\u00a0<\/p><p><b>Limitation de la responsabilit\u00e9<\/b><\/p><p>La soci\u00e9t\u00e9 SMI - Soci\u00e9t\u00e9 Marseillaise D'Importation ne pourra \u00eatre tenue pour responsable des dommages directs ou indirects caus\u00e9s au mat\u00e9riel de l'utilisateur lors de l'acc\u00e8s au site de la soci\u00e9t\u00e9 SMI. <a href=\"https:\/\/smi-rafiastar.com\/fr\/\">https:\/\/smi-rafiastar.com<\/a> , r\u00e9sultant de l'utilisation d'un mat\u00e9riel ne r\u00e9pondant pas aux sp\u00e9cifications indiqu\u00e9es dans nos \"Conditions g\u00e9n\u00e9rales\", de l'apparition d'un bug, ou d'une incompatibilit\u00e9.<\/p><p>Pour plus de d\u00e9tails sur notre limitation de responsabilit\u00e9, veuillez consulter notre section \"Conditions g\u00e9n\u00e9rales\", accessible par un lien direct au bas de notre site.<\/p>\t\t\t\t\t\t\t\t<\/div>\n\t\t\t\t<\/div>\n\t\t\t\t\t<\/div>\n\t\t<\/div>\n\t\t\t\t\t<\/div>\n\t\t<\/section>\n\t\t\t\t<\/div>","protected":false},"excerpt":{"rendered":"<p>Mentions l\u00e9gales Identification Le site https:\/\/smi-rafiastar.com est \u00e9dit\u00e9 par la soci\u00e9t\u00e9 SMI - Soci\u00e9t\u00e9 Marseillaise D'Importation, soci\u00e9t\u00e9 immatricul\u00e9e en France \u00e0 l'adresse : Pa de La Sarree, Route de Gourdon, 06620 Le Bar Sur Loup. T\u00e9l\u00e9phone : +33 (0) 4 93 40 30 +33 (0) 4 93 40 30 20 Email : info@smi-rafiastar.com Website Hosting OVH SAS au capital de 10 [...]<\/p>","protected":false},"author":1,"featured_media":0,"parent":0,"menu_order":0,"comment_status":"closed","ping_status":"closed","template":"","meta":{"site-sidebar-layout":"no-sidebar","site-content-layout":"page-builder","ast-site-content-layout":"default","site-content-style":"default","site-sidebar-style":"default","ast-global-header-display":"","ast-banner-title-visibility":"","ast-main-header-display":"","ast-hfb-above-header-display":"","ast-hfb-below-header-display":"","ast-hfb-mobile-header-display":"","site-post-title":"disabled","ast-breadcrumbs-content":"","ast-featured-img":"disabled","footer-sml-layout":"","ast-disable-related-posts":"","theme-transparent-header-meta":"","adv-header-id-meta":"","stick-header-meta":"","header-above-stick-meta":"","header-main-stick-meta":"","header-below-stick-meta":"","astra-migrate-meta-layouts":"default","ast-page-background-enabled":"default","ast-page-background-meta":{"desktop":{"background-color":"","background-image":"","background-repeat":"repeat","background-position":"center center","background-size":"auto","background-attachment":"scroll","background-type":"","background-media":"","overlay-type":"","overlay-color":"","overlay-opacity":"","overlay-gradient":""},"tablet":{"background-color":"","background-image":"","background-repeat":"repeat","background-position":"center center","background-size":"auto","background-attachment":"scroll","background-type":"","background-media":"","overlay-type":"","overlay-color":"","overlay-opacity":"","overlay-gradient":""},"mobile":{"background-color":"","background-image":"","background-repeat":"repeat","background-position":"center center","background-size":"auto","background-attachment":"scroll","background-type":"","background-media":"","overlay-type":"","overlay-color":"","overlay-opacity":"","overlay-gradient":""}},"ast-content-background-meta":{"desktop":{"background-color":"var(--ast-global-color-5)","background-image":"","background-repeat":"repeat","background-position":"center center","background-size":"auto","background-attachment":"scroll","background-type":"","background-media":"","overlay-type":"","overlay-color":"","overlay-opacity":"","overlay-gradient":""},"tablet":{"background-color":"var(--ast-global-color-5)","background-image":"","background-repeat":"repeat","background-position":"center center","background-size":"auto","background-attachment":"scroll","background-type":"","background-media":"","overlay-type":"","overlay-color":"","overlay-opacity":"","overlay-gradient":""},"mobile":{"background-color":"var(--ast-global-color-5)","background-image":"","background-repeat":"repeat","background-position":"center center","background-size":"auto","background-attachment":"scroll","background-type":"","background-media":"","overlay-type":"","overlay-color":"","overlay-opacity":"","overlay-gradient":""}},"footnotes":""},"class_list":["post-1092","page","type-page","status-publish","hentry"],"yoast_head":"<!-- This site is optimized with the Yoast SEO plugin v26.9 - https:\/\/yoast.com\/product\/yoast-seo-wordpress\/ -->\n<title>Legal Mentions - SOCI\u00c9T\u00c9 MARSEILLAISE D\u2019IMPORTATION.<\/title>\n<meta name=\"robots\" content=\"index, follow, max-snippet:-1, max-image-preview:large, max-video-preview:-1\" \/>\n<link rel=\"canonical\" href=\"https:\/\/smi-rafiastar.com\/fr\/legal-mentions\/\" \/>\n<meta property=\"og:locale\" content=\"fr_FR\" \/>\n<meta property=\"og:type\" content=\"article\" \/>\n<meta property=\"og:title\" content=\"Legal Mentions - SOCI\u00c9T\u00c9 MARSEILLAISE D\u2019IMPORTATION.\" \/>\n<meta property=\"og:description\" content=\"Legal Mentions Identification The site https:\/\/smi-rafiastar.com is published by the company SMI &#8211; Soci\u00e9te Marseillaise D&#8217;Importation, a company registered in France with the address: Pa de La Sarree, Route de Gourdon, 06620 Le Bar Sur Loup. Phone: +33 (0) 4 93 40 30 20 Email: info@smi-rafiastar.com \u00a0 Website Hosting OVH SAS au capital de 10 [&hellip;]\" \/>\n<meta property=\"og:url\" content=\"https:\/\/smi-rafiastar.com\/fr\/legal-mentions\/\" \/>\n<meta property=\"og:site_name\" content=\"SOCI\u00c9T\u00c9 MARSEILLAISE D\u2019IMPORTATION.\" \/>\n<meta property=\"article:modified_time\" content=\"2023-06-23T08:46:08+00:00\" \/>\n<meta name=\"twitter:card\" content=\"summary_large_image\" \/>\n<meta name=\"twitter:label1\" content=\"Dur\u00e9e de lecture estim\u00e9e\" \/>\n\t<meta name=\"twitter:data1\" content=\"2 minutes\" \/>\n<script type=\"application\/ld+json\" class=\"yoast-schema-graph\">{\"@context\":\"https:\/\/schema.org\",\"@graph\":[{\"@type\":\"WebPage\",\"@id\":\"https:\/\/smi-rafiastar.com\/legal-mentions\/\",\"url\":\"https:\/\/smi-rafiastar.com\/legal-mentions\/\",\"name\":\"Legal Mentions - SOCI\u00c9T\u00c9 MARSEILLAISE D\u2019IMPORTATION.\",\"isPartOf\":{\"@id\":\"https:\/\/smi-rafiastar.com\/#website\"},\"datePublished\":\"2023-06-23T08:41:27+00:00\",\"dateModified\":\"2023-06-23T08:46:08+00:00\",\"breadcrumb\":{\"@id\":\"https:\/\/smi-rafiastar.com\/legal-mentions\/#breadcrumb\"},\"inLanguage\":\"fr-FR\",\"potentialAction\":[{\"@type\":\"ReadAction\",\"target\":[\"https:\/\/smi-rafiastar.com\/legal-mentions\/\"]}]},{\"@type\":\"BreadcrumbList\",\"@id\":\"https:\/\/smi-rafiastar.com\/legal-mentions\/#breadcrumb\",\"itemListElement\":[{\"@type\":\"ListItem\",\"position\":1,\"name\":\"Home\",\"item\":\"https:\/\/smi-rafiastar.com\/\"},{\"@type\":\"ListItem\",\"position\":2,\"name\":\"Legal Mentions\"}]},{\"@type\":\"WebSite\",\"@id\":\"https:\/\/smi-rafiastar.com\/#website\",\"url\":\"https:\/\/smi-rafiastar.com\/\",\"name\":\"SOCI\u00c9T\u00c9 MARSEILLAISE D\u2019IMPORTATION.\",\"description\":\"\",\"publisher\":{\"@id\":\"https:\/\/smi-rafiastar.com\/#organization\"},\"potentialAction\":[{\"@type\":\"SearchAction\",\"target\":{\"@type\":\"EntryPoint\",\"urlTemplate\":\"https:\/\/smi-rafiastar.com\/?s={search_term_string}\"},\"query-input\":{\"@type\":\"PropertyValueSpecification\",\"valueRequired\":true,\"valueName\":\"search_term_string\"}}],\"inLanguage\":\"fr-FR\"},{\"@type\":\"Organization\",\"@id\":\"https:\/\/smi-rafiastar.com\/#organization\",\"name\":\"SOCI\u00c9T\u00c9 MARSEILLAISE D\u2019IMPORTATION.\",\"url\":\"https:\/\/smi-rafiastar.com\/\",\"logo\":{\"@type\":\"ImageObject\",\"inLanguage\":\"fr-FR\",\"@id\":\"https:\/\/smi-rafiastar.com\/#\/schema\/logo\/image\/\",\"url\":\"https:\/\/smi-rafiastar.com\/wp-content\/uploads\/2022\/06\/cropped-smi-color-white-01-1024x544-1.png\",\"contentUrl\":\"https:\/\/smi-rafiastar.com\/wp-content\/uploads\/2022\/06\/cropped-smi-color-white-01-1024x544-1.png\",\"width\":1024,\"height\":544,\"caption\":\"SOCI\u00c9T\u00c9 MARSEILLAISE D\u2019IMPORTATION.\"},\"image\":{\"@id\":\"https:\/\/smi-rafiastar.com\/#\/schema\/logo\/image\/\"}}]}<\/script>\n<!-- \/ Yoast SEO plugin. -->","yoast_head_json":{"title":"Mentions l\u00e9gales - SOCI\u00c9T\u00c9 MARSEILLAISE D'IMPORTATION.","robots":{"index":"index","follow":"follow","max-snippet":"max-snippet:-1","max-image-preview":"max-image-preview:large","max-video-preview":"max-video-preview:-1"},"canonical":"https:\/\/smi-rafiastar.com\/fr\/legal-mentions\/","og_locale":"fr_FR","og_type":"article","og_title":"Legal Mentions - SOCI\u00c9T\u00c9 MARSEILLAISE D\u2019IMPORTATION.","og_description":"Legal Mentions Identification The site https:\/\/smi-rafiastar.com is published by the company SMI &#8211; Soci\u00e9te Marseillaise D&#8217;Importation, a company registered in France with the address: Pa de La Sarree, Route de Gourdon, 06620 Le Bar Sur Loup. Phone: +33 (0) 4 93 40 30 20 Email: info@smi-rafiastar.com \u00a0 Website Hosting OVH SAS au capital de 10 [&hellip;]","og_url":"https:\/\/smi-rafiastar.com\/fr\/legal-mentions\/","og_site_name":"SOCI\u00c9T\u00c9 MARSEILLAISE D\u2019IMPORTATION.","article_modified_time":"2023-06-23T08:46:08+00:00","twitter_card":"summary_large_image","twitter_misc":{"Dur\u00e9e de lecture estim\u00e9e":"2 minutes"},"schema":{"@context":"https:\/\/schema.org","@graph":[{"@type":"WebPage","@id":"https:\/\/smi-rafiastar.com\/legal-mentions\/","url":"https:\/\/smi-rafiastar.com\/legal-mentions\/","name":"Mentions l\u00e9gales - SOCI\u00c9T\u00c9 MARSEILLAISE D'IMPORTATION.","isPartOf":{"@id":"https:\/\/smi-rafiastar.com\/#website"},"datePublished":"2023-06-23T08:41:27+00:00","dateModified":"2023-06-23T08:46:08+00:00","breadcrumb":{"@id":"https:\/\/smi-rafiastar.com\/legal-mentions\/#breadcrumb"},"inLanguage":"fr-FR","potentialAction":[{"@type":"ReadAction","target":["https:\/\/smi-rafiastar.com\/legal-mentions\/"]}]},{"@type":"BreadcrumbList","@id":"https:\/\/smi-rafiastar.com\/legal-mentions\/#breadcrumb","itemListElement":[{"@type":"ListItem","position":1,"name":"Home","item":"https:\/\/smi-rafiastar.com\/"},{"@type":"ListItem","position":2,"name":"Legal Mentions"}]},{"@type":"WebSite","@id":"https:\/\/smi-rafiastar.com\/#website","url":"https:\/\/smi-rafiastar.com\/","name":"SOCI\u00c9T\u00c9 MARSEILLAISE D'IMPORTATION.","description":"","publisher":{"@id":"https:\/\/smi-rafiastar.com\/#organization"},"potentialAction":[{"@type":"SearchAction","target":{"@type":"EntryPoint","urlTemplate":"https:\/\/smi-rafiastar.com\/?s={search_term_string}"},"query-input":{"@type":"PropertyValueSpecification","valueRequired":true,"valueName":"search_term_string"}}],"inLanguage":"fr-FR"},{"@type":"Organization","@id":"https:\/\/smi-rafiastar.com\/#organization","name":"SOCI\u00c9T\u00c9 MARSEILLAISE D'IMPORTATION.","url":"https:\/\/smi-rafiastar.com\/","logo":{"@type":"ImageObject","inLanguage":"fr-FR","@id":"https:\/\/smi-rafiastar.com\/#\/schema\/logo\/image\/","url":"https:\/\/smi-rafiastar.com\/wp-content\/uploads\/2022\/06\/cropped-smi-color-white-01-1024x544-1.png","contentUrl":"https:\/\/smi-rafiastar.com\/wp-content\/uploads\/2022\/06\/cropped-smi-color-white-01-1024x544-1.png","width":1024,"height":544,"caption":"SOCI\u00c9T\u00c9 MARSEILLAISE D\u2019IMPORTATION."},"image":{"@id":"https:\/\/smi-rafiastar.com\/#\/schema\/logo\/image\/"}}]}},"_links":{"self":[{"href":"https:\/\/smi-rafiastar.com\/fr\/wp-json\/wp\/v2\/pages\/1092","targetHints":{"allow":["GET"]}}],"collection":[{"href":"https:\/\/smi-rafiastar.com\/fr\/wp-json\/wp\/v2\/pages"}],"about":[{"href":"https:\/\/smi-rafiastar.com\/fr\/wp-json\/wp\/v2\/types\/page"}],"author":[{"embeddable":true,"href":"https:\/\/smi-rafiastar.com\/fr\/wp-json\/wp\/v2\/users\/1"}],"replies":[{"embeddable":true,"href":"https:\/\/smi-rafiastar.com\/fr\/wp-json\/wp\/v2\/comments?post=1092"}],"version-history":[{"count":4,"href":"https:\/\/smi-rafiastar.com\/fr\/wp-json\/wp\/v2\/pages\/1092\/revisions"}],"predecessor-version":[{"id":1096,"href":"https:\/\/smi-rafiastar.com\/fr\/wp-json\/wp\/v2\/pages\/1092\/revisions\/1096"}],"wp:attachment":[{"href":"https:\/\/smi-rafiastar.com\/fr\/wp-json\/wp\/v2\/media?parent=1092"}],"curies":[{"name":"wp","href":"https:\/\/api.w.org\/{rel}","templated":true}]}}